{"id":121,"date":"2016-10-17T12:41:08","date_gmt":"2016-10-17T15:41:08","guid":{"rendered":"http:\/\/associacaomedicacascavel.com\/?page_id=121"},"modified":"2024-10-09T10:05:03","modified_gmt":"2024-10-09T13:05:03","slug":"sobre","status":"publish","type":"page","link":"https:\/\/associacaomedicacascavel.com\/index.php\/sobre\/","title":{"rendered":"Sobre"},"content":{"rendered":"<body>\t\t<div data-elementor-type=\"wp-post\" data-elementor-id=\"121\" class=\"elementor elementor-121\">\n\t\t\t\t\t\t<section class=\"elementor-section elementor-top-section elementor-element elementor-element-dsfxsah elementor-section-full_width elementor-section-height-default elementor-section-height-default\" data-id=\"dsfxsah\" data-element_type=\"section\" data-e-type=\"section\">\n\t\t\t\t\t\t<div class=\"elementor-container elementor-column-gap-default\">\n\t\t\t\t\t<div class=\"elementor-column elementor-col-100 elementor-top-column elementor-element elementor-element-epcauth\" data-id=\"epcauth\" data-element_type=\"column\" data-e-type=\"column\">\n\t\t\t<div class=\"elementor-widget-wrap elementor-element-populated\">\n\t\t\t\t\t\t<div class=\"elementor-element elementor-element-kto7av8 elementor-widget elementor-widget-heading\" data-id=\"kto7av8\" data-element_type=\"widget\" data-e-type=\"widget\" data-widget_type=\"heading.default\">\n\t\t\t\t<div class=\"elementor-widget-container\">\n\t\t\t\t\t<h3 class=\"elementor-heading-title elementor-size-large\">Sobre<\/h3>\t\t\t\t<\/div>\n\t\t\t\t<\/div>\n\t\t\t\t<div class=\"elementor-element elementor-element-cfums0m elementor-widget elementor-widget-text-editor\" data-id=\"cfums0m\" data-element_type=\"widget\" data-e-type=\"widget\" data-widget_type=\"text-editor.default\">\n\t\t\t\t<div class=\"elementor-widget-container\">\n\t\t\t\t\t\t\t\t\t<p style=\"text-align: justify;\">A <strong>Associa\u00e7\u00e3o M\u00e9dica de Cascavel (AMC)<\/strong> foi fundada no dia <strong>30 de agosto de 1969<\/strong>. A reuni\u00e3o foi na Churrascaria Centauro, do Sr. Remo Armiliato, na BR 277, onde hoje \u00e9 o Posto Sabi\u00e1. Participaram da assembleia de funda\u00e7\u00e3o mais de vinte m\u00e9dicos, sendo convidados, tamb\u00e9m, colegas de C\u00e9u Azul, Matel\u00e2ndia, Medianeira, Foz do Igua\u00e7u, Guarania\u00e7u, Toledo, Nova Aurora e Cafel\u00e2ndia. O Dr. Edo Peixoto foi escolhido, por consenso, para ser o primeiro presidente. O Dr. Antonio Wilson Romero o sucedeu, nas segunda e terceira diretorias. Ele conta que a cidade era pequena, e a classe m\u00e9dica se envolvia em todos os problemas sociais da regi\u00e3o.\u00a0<\/p><p style=\"text-align: justify;\">Entre as principais medidas das primeiras diretorias estava a de convidar professores renomados da capital paranaense e dos grandes centros do pa\u00eds para a realiza\u00e7\u00e3o de palestras e jornadas de atualiza\u00e7\u00e3o, mensalmente. A primeira sede da AMC foi numa sala da Avenida Brasil, de propriedade do Sr. Nilo Ghiggi, onde hoje est\u00e1 localizada a Loja Riachuelo. Toda a Hist\u00f3ria da Medicina de Cascavel \u00e9 relatada nos livros \u201cAMC-Associa\u00e7\u00e3o M\u00e9dica de Cascavel \u2013 40 anos de hist\u00f3ria\u201d, publicado em 2009, e \u201cSer M\u00e9dico \u2013 Hist\u00f3ria da Medicina de Cascavel e Oeste do Paran\u00e1 \u2013 2016\u201d, de autoria da jornalista Tania Moraes. Esses livros podem ser encontrados na sede da AMC e na Biblioteca P\u00fablica Municipal de Cascavel. <br>A entidade possui ainda sua revista oficial, a <a href=\"https:\/\/www.revistaafeto.com.br\/\" target=\"_blank\" rel=\"noopener\">Revista Afeto<\/a>, onde entre as editorias se encontra o andar da entidade seguida pelos passos de seu presidente atual Dr. Jesus Viegas, diretoria bem como eventos sazonais que acontecem em torno da AMC.<\/p><p>\u00a0<\/p>\t\t\t\t\t\t\t\t<\/div>\n\t\t\t\t<\/div>\n\t\t\t\t<div class=\"elementor-element elementor-element-hblnuze elementor-widget elementor-widget-image\" data-id=\"hblnuze\" data-element_type=\"widget\" data-e-type=\"widget\" data-widget_type=\"image.default\">\n\t\t\t\t<div class=\"elementor-widget-container\">\n\t\t\t\t\t\t\t\t\t\t\t\t\t\t\t\t<a href=\"http:\/\/associacaomedicacascavel.com\/index.php\/contato\/\">\n\t\t\t\t\t\t\t<img loading=\"lazy\" decoding=\"async\" width=\"1725\" height=\"656\" src=\"https:\/\/associacaomedicacascavel.com\/wp-content\/uploads\/2016\/10\/Amc-3-01.jpg\" class=\"attachment-full size-full wp-image-179\" alt=\"\" srcset=\"https:\/\/associacaomedicacascavel.com\/wp-content\/uploads\/2016\/10\/Amc-3-01.jpg 1725w, https:\/\/associacaomedicacascavel.com\/wp-content\/uploads\/2016\/10\/Amc-3-01-300x114.jpg 300w, https:\/\/associacaomedicacascavel.com\/wp-content\/uploads\/2016\/10\/Amc-3-01-768x292.jpg 768w, https:\/\/associacaomedicacascavel.com\/wp-content\/uploads\/2016\/10\/Amc-3-01-1024x389.jpg 1024w\" sizes=\"auto, (max-width: 1725px) 100vw, 1725px\" loading=\"lazy\">\t\t\t\t\t\t\t\t<\/a>\n\t\t\t\t\t\t\t\t\t\t\t\t\t\t\t<\/div>\n\t\t\t\t<\/div>\n\t\t\t\t\t<\/div>\n\t\t<\/div>\n\t\t\t\t\t<\/div>\n\t\t<\/section>\n\t\t\t\t<section class=\"elementor-section elementor-top-section elementor-element elementor-element-uioycaa elementor-section-boxed elementor-section-height-default elementor-section-height-default\" data-id=\"uioycaa\" data-element_type=\"section\" data-e-type=\"section\">\n\t\t\t\t\t\t<div class=\"elementor-container elementor-column-gap-wider\">\n\t\t\t\t\t<div class=\"elementor-column elementor-col-50 elementor-top-column elementor-element elementor-element-hqkbtoq\" data-id=\"hqkbtoq\" data-element_type=\"column\" data-e-type=\"column\">\n\t\t\t<div class=\"elementor-widget-wrap elementor-element-populated\">\n\t\t\t\t\t\t<div class=\"elementor-element elementor-element-pppqxoi elementor-view-framed elementor-position-inline-start elementor-shape-circle elementor-mobile-position-block-start elementor-widget elementor-widget-icon-box\" data-id=\"pppqxoi\" data-element_type=\"widget\" data-e-type=\"widget\" data-widget_type=\"icon-box.default\">\n\t\t\t\t<div class=\"elementor-widget-container\">\n\t\t\t\t\t\t\t<div class=\"elementor-icon-box-wrapper\">\n\n\t\t\t\t\t\t<div class=\"elementor-icon-box-icon\">\n\t\t\t\t<span class=\"elementor-icon\">\n\t\t\t\t<i class=\"fa fa-clone\" aria-hidden=\"true\"><\/i>\t\t\t\t<\/span>\n\t\t\t<\/div>\n\t\t\t\n\t\t\t\t\t\t<div class=\"elementor-icon-box-content\">\n\n\t\t\t\t\t\t\t\t\t<h3 class=\"elementor-icon-box-title\">\n\t\t\t\t\t\t<span>\n\t\t\t\t\t\t\tEstatuto\t\t\t\t\t\t<\/span>\n\t\t\t\t\t<\/h3>\n\t\t\t\t\n\t\t\t\t\t\t\t\t\t<p class=\"elementor-icon-box-description\">\n\t\t\t\t\t\tConhe\u00e7a o Estatuto da Associa\u00e7\u00e3o M\u00e9dica.\t\t\t\t\t<\/p>\n\t\t\t\t\n\t\t\t<\/div>\n\t\t\t\n\t\t<\/div>\n\t\t\t\t\t\t<\/div>\n\t\t\t\t<\/div>\n\t\t\t\t<div class=\"elementor-element elementor-element-1z73mic elementor-align-center elementor-widget elementor-widget-button\" data-id=\"1z73mic\" data-element_type=\"widget\" data-e-type=\"widget\" data-widget_type=\"button.default\">\n\t\t\t\t<div class=\"elementor-widget-container\">\n\t\t\t\t\t\t\t\t\t<div class=\"elementor-button-wrapper\">\n\t\t\t\t\t<a class=\"elementor-button elementor-button-link elementor-size-sm\" href=\"http:\/\/associacaomedicacascavel.com\/?page_id=136&amp;preview=true\" target=\"_blank\">\n\t\t\t\t\t\t<span class=\"elementor-button-content-wrapper\">\n\t\t\t\t\t\t\t\t\t<span class=\"elementor-button-text\">Visualiza Estatuto<\/span>\n\t\t\t\t\t<\/span>\n\t\t\t\t\t<\/a>\n\t\t\t\t<\/div>\n\t\t\t\t\t\t\t\t<\/div>\n\t\t\t\t<\/div>\n\t\t\t\t<div class=\"elementor-element elementor-element-swcdzlo elementor-widget elementor-widget-spacer\" data-id=\"swcdzlo\" data-element_type=\"widget\" data-e-type=\"widget\" data-widget_type=\"spacer.default\">\n\t\t\t\t<div class=\"elementor-widget-container\">\n\t\t\t\t\t\t\t<div class=\"elementor-spacer\">\n\t\t\t<div class=\"elementor-spacer-inner\"><\/div>\n\t\t<\/div>\n\t\t\t\t\t\t<\/div>\n\t\t\t\t<\/div>\n\t\t\t\t\t<\/div>\n\t\t<\/div>\n\t\t\t\t<div class=\"elementor-column elementor-col-50 elementor-top-column elementor-element elementor-element-qvutgz0\" data-id=\"qvutgz0\" data-element_type=\"column\" data-e-type=\"column\">\n\t\t\t<div class=\"elementor-widget-wrap elementor-element-populated\">\n\t\t\t\t\t\t<div class=\"elementor-element elementor-element-ouozhtp elementor-view-framed elementor-position-inline-start elementor-shape-circle elementor-mobile-position-block-start elementor-widget elementor-widget-icon-box\" data-id=\"ouozhtp\" data-element_type=\"widget\" data-e-type=\"widget\" data-widget_type=\"icon-box.default\">\n\t\t\t\t<div class=\"elementor-widget-container\">\n\t\t\t\t\t\t\t<div class=\"elementor-icon-box-wrapper\">\n\n\t\t\t\t\t\t<div class=\"elementor-icon-box-icon\">\n\t\t\t\t<span class=\"elementor-icon\">\n\t\t\t\t<i class=\"fa fa-book\" aria-hidden=\"true\"><\/i>\t\t\t\t<\/span>\n\t\t\t<\/div>\n\t\t\t\n\t\t\t\t\t\t<div class=\"elementor-icon-box-content\">\n\n\t\t\t\t\t\t\t\t\t<h3 class=\"elementor-icon-box-title\">\n\t\t\t\t\t\t<span>\n\t\t\t\t\t\t\tDiretorias\t\t\t\t\t\t<\/span>\n\t\t\t\t\t<\/h3>\n\t\t\t\t\n\t\t\t\t\t\t\t\t\t<p class=\"elementor-icon-box-description\">\n\t\t\t\t\t\tConhe\u00e7a um pouco mais sobre as Diretorias.\t\t\t\t\t<\/p>\n\t\t\t\t\n\t\t\t<\/div>\n\t\t\t\n\t\t<\/div>\n\t\t\t\t\t\t<\/div>\n\t\t\t\t<\/div>\n\t\t\t\t<div class=\"elementor-element elementor-element-94d5ba1 elementor-align-center elementor-widget elementor-widget-button\" data-id=\"94d5ba1\" data-element_type=\"widget\" data-e-type=\"widget\" data-widget_type=\"button.default\">\n\t\t\t\t<div class=\"elementor-widget-container\">\n\t\t\t\t\t\t\t\t\t<div class=\"elementor-button-wrapper\">\n\t\t\t\t\t<a class=\"elementor-button elementor-button-link elementor-size-sm\" href=\"http:\/\/associacaomedicacascavel.com\/wp-content\/uploads\/2024\/08\/20232026.pdf\" target=\"_blank\">\n\t\t\t\t\t\t<span class=\"elementor-button-content-wrapper\">\n\t\t\t\t\t\t\t\t\t<span class=\"elementor-button-text\">Ver em PDF - 2023-2026<\/span>\n\t\t\t\t\t<\/span>\n\t\t\t\t\t<\/a>\n\t\t\t\t<\/div>\n\t\t\t\t\t\t\t\t<\/div>\n\t\t\t\t<\/div>\n\t\t\t\t<div class=\"elementor-element elementor-element-j0j67of elementor-align-center elementor-widget elementor-widget-button\" data-id=\"j0j67of\" data-element_type=\"widget\" data-e-type=\"widget\" data-widget_type=\"button.default\">\n\t\t\t\t<div class=\"elementor-widget-container\">\n\t\t\t\t\t\t\t\t\t<div class=\"elementor-button-wrapper\">\n\t\t\t\t\t<a class=\"elementor-button elementor-button-link elementor-size-sm\" href=\"http:\/\/associacaomedicacascavel.com\/wp-content\/uploads\/2024\/08\/JESUS.pdf\" target=\"_blank\">\n\t\t\t\t\t\t<span class=\"elementor-button-content-wrapper\">\n\t\t\t\t\t\t\t\t\t<span class=\"elementor-button-text\">Ver em PDF - 2020-2023<\/span>\n\t\t\t\t\t<\/span>\n\t\t\t\t\t<\/a>\n\t\t\t\t<\/div>\n\t\t\t\t\t\t\t\t<\/div>\n\t\t\t\t<\/div>\n\t\t\t\t<div class=\"elementor-element elementor-element-6036f9f elementor-align-center elementor-widget elementor-widget-button\" data-id=\"6036f9f\" data-element_type=\"widget\" data-e-type=\"widget\" data-widget_type=\"button.default\">\n\t\t\t\t<div class=\"elementor-widget-container\">\n\t\t\t\t\t\t\t\t\t<div class=\"elementor-button-wrapper\">\n\t\t\t\t\t<a class=\"elementor-button elementor-button-link elementor-size-sm\" href=\"http:\/\/associacaomedicacascavel.com\/wp-content\/uploads\/2024\/08\/20172019.pdf\" target=\"_blank\">\n\t\t\t\t\t\t<span class=\"elementor-button-content-wrapper\">\n\t\t\t\t\t\t\t\t\t<span class=\"elementor-button-text\">Ver em PDF - 2017-2019<\/span>\n\t\t\t\t\t<\/span>\n\t\t\t\t\t<\/a>\n\t\t\t\t<\/div>\n\t\t\t\t\t\t\t\t<\/div>\n\t\t\t\t<\/div>\n\t\t\t\t<div class=\"elementor-element elementor-element-76675af elementor-align-center elementor-widget elementor-widget-button\" data-id=\"76675af\" data-element_type=\"widget\" data-e-type=\"widget\" data-widget_type=\"button.default\">\n\t\t\t\t<div class=\"elementor-widget-container\">\n\t\t\t\t\t\t\t\t\t<div class=\"elementor-button-wrapper\">\n\t\t\t\t\t<a class=\"elementor-button elementor-button-link elementor-size-sm\" href=\"https:\/\/associacaomedicacascavel.com\/wp-content\/uploads\/2016\/10\/diretorias.pdf\" target=\"_blank\">\n\t\t\t\t\t\t<span class=\"elementor-button-content-wrapper\">\n\t\t\t\t\t\t\t\t\t<span class=\"elementor-button-text\">Diretorias Anteriores<\/span>\n\t\t\t\t\t<\/span>\n\t\t\t\t\t<\/a>\n\t\t\t\t<\/div>\n\t\t\t\t\t\t\t\t<\/div>\n\t\t\t\t<\/div>\n\t\t\t\t\t<\/div>\n\t\t<\/div>\n\t\t\t\t\t<\/div>\n\t\t<\/section>\n\t\t\t\t<\/div>\n\t\t<\/body>","protected":false},"excerpt":{"rendered":"<p>Sobre A Associa\u00e7\u00e3o M\u00e9dica de Cascavel (AMC) foi fundada no dia 30 de agosto de 1969. A reuni\u00e3o foi na Churrascaria Centauro, do Sr. Remo Armiliato, na BR 277, onde hoje \u00e9 o Posto Sabi\u00e1. Participaram da assembleia de funda\u00e7\u00e3o mais de vinte m\u00e9dicos, sendo convidados, tamb\u00e9m, colegas de C\u00e9u Azul, Matel\u00e2ndia, Medianeira, Foz do [&hellip;]<\/p>\n","protected":false},"author":1,"featured_media":0,"parent":0,"menu_order":0,"comment_status":"closed","ping_status":"closed","template":"","meta":{"footnotes":""},"class_list":["post-121","page","type-page","status-publish","hentry"],"_links":{"self":[{"href":"https:\/\/associacaomedicacascavel.com\/index.php\/wp-json\/wp\/v2\/pages\/121","targetHints":{"allow":["GET"]}}],"collection":[{"href":"https:\/\/associacaomedicacascavel.com\/index.php\/wp-json\/wp\/v2\/pages"}],"about":[{"href":"https:\/\/associacaomedicacascavel.com\/index.php\/wp-json\/wp\/v2\/types\/page"}],"author":[{"embeddable":true,"href":"https:\/\/associacaomedicacascavel.com\/index.php\/wp-json\/wp\/v2\/users\/1"}],"replies":[{"embeddable":true,"href":"https:\/\/associacaomedicacascavel.com\/index.php\/wp-json\/wp\/v2\/comments?post=121"}],"version-history":[{"count":5,"href":"https:\/\/associacaomedicacascavel.com\/index.php\/wp-json\/wp\/v2\/pages\/121\/revisions"}],"predecessor-version":[{"id":3046,"href":"https:\/\/associacaomedicacascavel.com\/index.php\/wp-json\/wp\/v2\/pages\/121\/revisions\/3046"}],"wp:attachment":[{"href":"https:\/\/associacaomedicacascavel.com\/index.php\/wp-json\/wp\/v2\/media?parent=121"}],"curies":[{"name":"wp","href":"https:\/\/api.w.org\/{rel}","templated":true}]}}