{"id":308,"date":"2017-02-10T09:27:05","date_gmt":"2017-02-10T12:27:05","guid":{"rendered":"http:\/\/associacaomedicacascavel.com\/?page_id=308"},"modified":"2017-02-10T09:27:05","modified_gmt":"2017-02-10T12:27:05","slug":"residencia-medica","status":"publish","type":"page","link":"https:\/\/associacaomedicacascavel.com\/index.php\/residencia-medica\/","title":{"rendered":"Resid\u00eancia M\u00e9dica"},"content":{"rendered":"<body><div><b>Resid\u00eancia M\u00e9dica | Lato Sensu<\/b>\n<p>A Resid\u00eancia M\u00e9dica foi institu\u00edda pelo Decreto n\u00ba 80.281, de 05 de setembro de 1977 e constitui uma modalidade de ensino de p\u00f3s-gradua\u00e7\u00e3o destinada a m\u00e9dicos, sob a forma de curso de especializa\u00e7\u00e3o, funcionando em Institui\u00e7\u00f5es de Sa\u00fade, sob a orienta\u00e7\u00e3o de profissionais m\u00e9dicos de elevada qualifica\u00e7\u00e3o \u00e9tica e profissional, sendo considerada o \u201cpadr\u00e3o ouro\u201d da especializa\u00e7\u00e3o m\u00e9dica. O mesmo decreto cria a Comiss\u00e3o Nacional de Resid\u00eancia M\u00e9dica (CNRM). O Programa de Resid\u00eancia M\u00e9dica, cumprido integralmente dentro de uma determinada especialidade, confere ao M\u00e9dico Residente o t\u00edtulo de especialista.<\/p>\n<p><b>Credenciamento de Programas de Resid\u00eancia M\u00e9dica<\/b><\/p>\n<p>A express\u00e3o \u201cResid\u00eancia M\u00e9dica\u201d s\u00f3 pode ser empregada para programas que sejam credenciados pela Comiss\u00e3o Nacional de Resid\u00eancia M\u00e9dica (CNRM).<\/p><\/div>\n<div><\/div>\n<div><a href=\"http:\/\/portal.mec.gov.br\/sesu\/arquivos\/pdf\/cnrm\/cred_program_rm.pdf\">Credenciamento de Programas de Resid\u00eancia M\u00e9dica<\/a><\/div>\n<div><a href=\"http:\/\/portal.mec.gov.br\/sesu\/index.php?option=content&amp;task=view&amp;id=413&amp;Itemid=297\" target=\"_blank\">Formul\u00e1rios<\/a>\n<\/div>\n<div><\/div>\n<div><b>Comiss\u00e3o Nacional de Resid\u00eancia M\u00e9dica (CNRM)<\/b>\n<p><a href=\"http:\/\/portal.mec.gov.br\/sesu\/index.php?option=content&amp;task=view&amp;id=414&amp;Itemid=297\" target=\"_blank\">Composi\u00e7\u00e3o da Comiss\u00e3o Nacional de Resid\u00eancia M\u00e9dica <\/a><br>\n<a href=\"http:\/\/portal.mec.gov.br\/sesu\/index.php?option=content&amp;task=view&amp;id=415&amp;Itemid=297\" target=\"_blank\">Presidentes das Comiss\u00f5es Estaduais de Resid\u00eancia M\u00e9dica<\/a><br>\n<a href=\"http:\/\/portal.mec.gov.br\/sesu\/index.php?option=content&amp;task=view&amp;id=416&amp;Itemid=297\" target=\"_blank\">Coordenadores Regionais da CNRM<\/a><br>\n<a href=\"http:\/\/portal.mec.gov.br\/sesu\/index.php?option=content&amp;task=view&amp;id=417&amp;Itemid=297\" target=\"_blank\">Servidores da CNRM<\/a><br>\n<a href=\"http:\/\/www.mec.gov.br\/sesu\/sist_cnrm\/login_cnrm.asp\" target=\"_blank\">Sistema da Comiss\u00e3o Nacional de Resid\u00eancia M\u00e9dica<\/a><br>\n<a href=\"http:\/\/portal.mec.gov.br\/sesu\/index.php?option=content&amp;task=view&amp;id=562&amp;Itemid=297\" target=\"_blank\">C\u00e2mara T\u00e9cnica da CNRM<\/a><\/p>\n<p><b>Consultas em sistema<\/b><\/p>\n<p><a href=\"http:\/\/www.mec.gov.br\/sesu\/sist_cnrm\/apps\/cons_res.asp\" target=\"_blank\">Certificados de Resid\u00eancia M\u00e9dica<\/a><br>\n<a href=\"http:\/\/www.mec.gov.br\/sesu\/SIST_CNRM\/APPS\/cons_res_inst.asp\" target=\"_blank\">Institui\u00e7\u00f5es x Programas x Vagas<\/a><\/p>\n<p><b>Saiba mais <\/b><\/p>\n<p><a href=\"http:\/\/portal.mec.gov.br\/sesu\/arquivos\/pdf\/cnrm\/modparecer_consdelib_1.pdf\">Visita de Verifica\u00e7\u00e3o \u2013 CEREM<\/a>\u00a0Aten\u00e7\u00e3o! O Parecer do Conselho Deliberativo da CEREM deve acompanhar o(s) relat\u00f3rio(s) de visita, uma vez que representa a s\u00edntese das an\u00e1lises efetuadas.\u00a0<a href=\"http:\/\/portal.mec.gov.br\/sesu\/arquivos\/doc\/cnrm\/modelo_relatorio_de_visita.doc\">Modelo Relat\u00f3rio de Visita<\/a>\u00a0\u2013 apenas para credenciamento provis\u00f3rio\u00a0\u2013 <a href=\"http:\/\/portal.mec.gov.br\/sesu\/arquivos\/doc\/cnrm\/parecer_do_conselho_deliberativo_da_cerem.doc\">Parecer do Conselho Deliberativo da CEREM<\/a><br>\n<a href=\"http:\/\/portal.mec.gov.br\/sesu\/arquivos\/doc\/cnrm\/instrumento_de_avaliacao_apenas_para_credenciamento_e_recredenciamento.doc\">\u2013\u00a0Instrumento de Avalia\u00e7\u00e3o para Credenciamento e Recredenciamento<\/a><\/p>\n<p><a href=\"http:\/\/portal.mec.gov.br\/sesu\/index.php?option=content&amp;task=view&amp;id=418&amp;Itemid=297\" target=\"_blank\">\u00cdndice de assuntos da legisla\u00e7\u00e3o espec\u00edfica<\/a><br>\n<a href=\"http:\/\/portal.mec.gov.br\/sesu\/index.php?option=content&amp;task=view&amp;id=260&amp;Itemid=306\">Legisla\u00e7\u00e3o espec\u00edfica e Atas<\/a><br>\n<a href=\"http:\/\/portal.mec.gov.br\/sesu\/arquivos\/pdf\/cnrm\/avalprovapratica.pdf\">Oficina Nacional sobre Prova Pr\u00e1tica <\/a><br>\n<a href=\"http:\/\/portal.mec.gov.br\/sesu\/arquivos\/pdf\/cnrm\/comunicamosqueaportaria75.pdf\">Internato para conclus\u00e3o de gradua\u00e7\u00e3o em Medicina<\/a><\/p>\n<p><b>CONTATO: COMISS\u00c3O NACIONAL DE RESID\u00caNCIA M\u00c9DICA<\/b><br>\nMinist\u00e9rio da Educa\u00e7\u00e3o<br>\nEdif\u00edcio Anexo II \u2013 1\u00ba andar \u2013 sala 130<br>\nCEP: 70047-903 \u2013 Bras\u00edlia \u2013 DF<br>\nTelefone: 61 2104-8723<br>\nFax: 61 2104-9203<br>\ne-mail: <a href=\"mailto:residenciamedica@mec.gov.br\">residenciamedica@mec.gov.br<\/a><\/p>\n<p>T\u00edtulo do item<\/p>\n<p><a href=\"http:\/\/portal.mec.gov.br\/sesu\/index.php?option=com_content&amp;task=view&amp;id=412&amp;Itemid=297\" target=\"_blank\">Roteiro para Elabora\u00e7\u00e3o de Projeto <\/a><br>\n<a href=\"http:\/\/portal.mec.gov.br\/sesu\/index.php?option=com_content&amp;task=view&amp;id=413&amp;Itemid=297\" target=\"_blank\">Formul\u00e1rios <\/a><br>\n<a href=\"http:\/\/portal.mec.gov.br\/sesu\/index.php?option=com_content&amp;task=view&amp;id=414&amp;Itemid=297\" target=\"_blank\">Composi\u00e7\u00e3o da Comiss\u00e3o Nacional de Resid\u00eancia M\u00e9dica <\/a><br>\n<a href=\"http:\/\/portal.mec.gov.br\/sesu\/index.php?option=com_content&amp;task=view&amp;id=415&amp;Itemid=297\" target=\"_blank\">Presidentes das Comiss\u00f5es Estaduais de Resid\u00eancia M\u00e9dica <\/a><br>\n<a href=\"http:\/\/portal.mec.gov.br\/sesu\/index.php?option=com_content&amp;task=view&amp;id=417&amp;Itemid=297\" target=\"_blank\">Servidores da CNRM <\/a><br>\n<a href=\"http:\/\/portal.mec.gov.br\/sesu\/index.php?option=com_content&amp;task=view&amp;id=562&amp;Itemid=297\" target=\"_blank\">C\u00e2mara T\u00e9cnica da CNRM<\/a><br>\n<a href=\"http:\/\/portal.mec.gov.br\/sesu\/index.php?option=com_content&amp;task=view&amp;id=469&amp;Itemid=297\" target=\"_blank\">Contato <\/a><br>\n<a href=\"http:\/\/portal.mec.gov.br\/sesu\/index.php?option=com_content&amp;task=view&amp;id=418&amp;Itemid=297\" target=\"_blank\">\u00cdndice de assuntos da legisla\u00e7\u00e3o espec\u00edfica <\/a><br>\n<a href=\"http:\/\/portal.mec.gov.br\/sesu\/index.php?option=com_content&amp;task=view&amp;id=416&amp;Itemid=297\" target=\"_blank\">Coordenadores Regionais da CNRM<\/a><br>\n<i><\/i><\/p>\n<p>Fonte: http:\/\/portal.mec.gov.br\/sesu\/index.php?option=content&amp;task=category&amp;sectionid=6&amp;id=101&amp;Itemid=297 at 09\/04\/2008 23:14<\/p><\/div>\n<\/body>","protected":false},"excerpt":{"rendered":"<p>Resid\u00eancia M\u00e9dica | Lato Sensu A Resid\u00eancia M\u00e9dica foi institu\u00edda pelo Decreto n\u00ba 80.281, de 05 de setembro de 1977 e constitui uma modalidade de ensino de p\u00f3s-gradua\u00e7\u00e3o destinada a m\u00e9dicos, sob a forma de curso de especializa\u00e7\u00e3o, funcionando em Institui\u00e7\u00f5es de Sa\u00fade, sob a orienta\u00e7\u00e3o de profissionais m\u00e9dicos de elevada qualifica\u00e7\u00e3o \u00e9tica e profissional, [&hellip;]<\/p>\n","protected":false},"author":1,"featured_media":0,"parent":0,"menu_order":0,"comment_status":"closed","ping_status":"closed","template":"","meta":{"footnotes":""},"class_list":["post-308","page","type-page","status-publish","hentry"],"_links":{"self":[{"href":"https:\/\/associacaomedicacascavel.com\/index.php\/wp-json\/wp\/v2\/pages\/308","targetHints":{"allow":["GET"]}}],"collection":[{"href":"https:\/\/associacaomedicacascavel.com\/index.php\/wp-json\/wp\/v2\/pages"}],"about":[{"href":"https:\/\/associacaomedicacascavel.com\/index.php\/wp-json\/wp\/v2\/types\/page"}],"author":[{"embeddable":true,"href":"https:\/\/associacaomedicacascavel.com\/index.php\/wp-json\/wp\/v2\/users\/1"}],"replies":[{"embeddable":true,"href":"https:\/\/associacaomedicacascavel.com\/index.php\/wp-json\/wp\/v2\/comments?post=308"}],"version-history":[{"count":1,"href":"https:\/\/associacaomedicacascavel.com\/index.php\/wp-json\/wp\/v2\/pages\/308\/revisions"}],"predecessor-version":[{"id":309,"href":"https:\/\/associacaomedicacascavel.com\/index.php\/wp-json\/wp\/v2\/pages\/308\/revisions\/309"}],"wp:attachment":[{"href":"https:\/\/associacaomedicacascavel.com\/index.php\/wp-json\/wp\/v2\/media?parent=308"}],"curies":[{"name":"wp","href":"https:\/\/api.w.org\/{rel}","templated":true}]}}