{"id":42,"date":"2016-10-03T14:10:10","date_gmt":"2016-10-03T17:10:10","guid":{"rendered":"http:\/\/associacaomedicacascavel.com\/?page_id=42"},"modified":"2021-11-18T17:05:48","modified_gmt":"2021-11-18T20:05:48","slug":"noticias-amp","status":"publish","type":"page","link":"https:\/\/associacaomedicacascavel.com\/index.php\/noticias-amp\/","title":{"rendered":"Not\u00edcias Associa\u00e7\u00e3o M\u00e9dica do Paran\u00e1"},"content":{"rendered":"<body><p><a href=\"https:\/\/amp.org.br\/site\/\">https:\/\/amp.org.br\/site\/<\/a><\/p>\n\n\n<figure class=\"wp-block-gallery columns-1 is-cropped wp-block-gallery-1 is-layout-flex wp-block-gallery-is-layout-flex\"><ul class=\"blocks-gallery-grid\"><li class=\"blocks-gallery-item\"><figure><img loading=\"lazy\" decoding=\"async\" width=\"132\" height=\"126\" src=\"https:\/\/associacaomedicacascavel.com\/wp-content\/uploads\/2021\/11\/logo-amp.png\" alt=\"\" data-id=\"1776\" data-link=\"https:\/\/associacaomedicacascavel.com\/index.php\/noticias-amp\/logo-amp\/#main\" class=\"wp-image-1776\" loading=\"lazy\"><\/figure><\/li><\/ul><\/figure>\n<\/body>","protected":false},"excerpt":{"rendered":"<p>https:\/\/amp.org.br\/site\/<\/p>\n","protected":false},"author":1,"featured_media":0,"parent":0,"menu_order":0,"comment_status":"closed","ping_status":"closed","template":"full-width-semcontainer.php","meta":{"footnotes":""},"class_list":["post-42","page","type-page","status-publish","hentry"],"_links":{"self":[{"href":"https:\/\/associacaomedicacascavel.com\/index.php\/wp-json\/wp\/v2\/pages\/42","targetHints":{"allow":["GET"]}}],"collection":[{"href":"https:\/\/associacaomedicacascavel.com\/index.php\/wp-json\/wp\/v2\/pages"}],"about":[{"href":"https:\/\/associacaomedicacascavel.com\/index.php\/wp-json\/wp\/v2\/types\/page"}],"author":[{"embeddable":true,"href":"https:\/\/associacaomedicacascavel.com\/index.php\/wp-json\/wp\/v2\/users\/1"}],"replies":[{"embeddable":true,"href":"https:\/\/associacaomedicacascavel.com\/index.php\/wp-json\/wp\/v2\/comments?post=42"}],"version-history":[{"count":5,"href":"https:\/\/associacaomedicacascavel.com\/index.php\/wp-json\/wp\/v2\/pages\/42\/revisions"}],"predecessor-version":[{"id":1777,"href":"https:\/\/associacaomedicacascavel.com\/index.php\/wp-json\/wp\/v2\/pages\/42\/revisions\/1777"}],"wp:attachment":[{"href":"https:\/\/associacaomedicacascavel.com\/index.php\/wp-json\/wp\/v2\/media?parent=42"}],"curies":[{"name":"wp","href":"https:\/\/api.w.org\/{rel}","templated":true}]}}