{"id":45,"date":"2016-10-03T14:11:57","date_gmt":"2016-10-03T17:11:57","guid":{"rendered":"http:\/\/associacaomedicacascavel.com\/?page_id=45"},"modified":"2021-11-18T17:04:47","modified_gmt":"2021-11-18T20:04:47","slug":"noticias-associacao-medica-do-brasil","status":"publish","type":"page","link":"https:\/\/associacaomedicacascavel.com\/index.php\/noticias-associacao-medica-do-brasil\/","title":{"rendered":"Not\u00edcias Associa\u00e7\u00e3o M\u00e9dica Brasileira"},"content":{"rendered":"<body><p><a href=\"https:\/\/amb.org.br\/\">https:\/\/amb.org.br\/<\/a><\/p>\n\n\n<figure class=\"wp-block-gallery columns-1 is-cropped wp-block-gallery-1 is-layout-flex wp-block-gallery-is-layout-flex\"><ul class=\"blocks-gallery-grid\"><li class=\"blocks-gallery-item\"><figure><img loading=\"lazy\" decoding=\"async\" width=\"270\" height=\"67\" src=\"https:\/\/associacaomedicacascavel.com\/wp-content\/uploads\/2021\/11\/logo-70-anos.png\" alt=\"\" data-id=\"1774\" data-full-url=\"https:\/\/associacaomedicacascavel.com\/wp-content\/uploads\/2021\/11\/logo-70-anos.png\" data-link=\"https:\/\/associacaomedicacascavel.com\/index.php\/noticias-associacao-medica-do-brasil\/logo-70-anos\/#main\" class=\"wp-image-1774\" loading=\"lazy\"><\/figure><\/li><\/ul><\/figure>\n<\/body>","protected":false},"excerpt":{"rendered":"<p>https:\/\/amb.org.br\/<\/p>\n","protected":false},"author":1,"featured_media":0,"parent":0,"menu_order":0,"comment_status":"closed","ping_status":"closed","template":"full-width-semcontainer.php","meta":{"footnotes":""},"class_list":["post-45","page","type-page","status-publish","hentry"],"_links":{"self":[{"href":"https:\/\/associacaomedicacascavel.com\/index.php\/wp-json\/wp\/v2\/pages\/45","targetHints":{"allow":["GET"]}}],"collection":[{"href":"https:\/\/associacaomedicacascavel.com\/index.php\/wp-json\/wp\/v2\/pages"}],"about":[{"href":"https:\/\/associacaomedicacascavel.com\/index.php\/wp-json\/wp\/v2\/types\/page"}],"author":[{"embeddable":true,"href":"https:\/\/associacaomedicacascavel.com\/index.php\/wp-json\/wp\/v2\/users\/1"}],"replies":[{"embeddable":true,"href":"https:\/\/associacaomedicacascavel.com\/index.php\/wp-json\/wp\/v2\/comments?post=45"}],"version-history":[{"count":6,"href":"https:\/\/associacaomedicacascavel.com\/index.php\/wp-json\/wp\/v2\/pages\/45\/revisions"}],"predecessor-version":[{"id":1775,"href":"https:\/\/associacaomedicacascavel.com\/index.php\/wp-json\/wp\/v2\/pages\/45\/revisions\/1775"}],"wp:attachment":[{"href":"https:\/\/associacaomedicacascavel.com\/index.php\/wp-json\/wp\/v2\/media?parent=45"}],"curies":[{"name":"wp","href":"https:\/\/api.w.org\/{rel}","templated":true}]}}